{"id":149,"date":"2019-08-22T15:43:47","date_gmt":"2019-08-22T18:43:47","guid":{"rendered":"http:\/\/grupocentaurus.com.br\/?page_id=149"},"modified":"2019-09-09T16:08:07","modified_gmt":"2019-09-09T19:08:07","slug":"pro","status":"publish","type":"page","link":"https:\/\/grupocentaurus.com.br\/?page_id=149","title":{"rendered":"PRO"},"content":{"rendered":"\t\t<div data-elementor-type=\"wp-post\" data-elementor-id=\"149\" class=\"elementor elementor-149\">\n\t\t\t\t\t\t<section class=\"elementor-section elementor-top-section elementor-element elementor-element-49ee25f4 elementor-section-boxed elementor-section-height-default elementor-section-height-default\" data-id=\"49ee25f4\" data-element_type=\"section\" data-settings=\"{&quot;background_background&quot;:&quot;classic&quot;}\">\n\t\t\t\t\t\t<div class=\"elementor-container elementor-column-gap-default\">\n\t\t\t\t\t<div class=\"elementor-column elementor-col-100 elementor-top-column elementor-element elementor-element-2d3954c4\" data-id=\"2d3954c4\" data-element_type=\"column\">\n\t\t\t<div class=\"elementor-widget-wrap elementor-element-populated\">\n\t\t\t\t\t\t<div class=\"elementor-element elementor-element-63e29a91 elementor-widget elementor-widget-spacer\" data-id=\"63e29a91\" data-element_type=\"widget\" data-widget_type=\"spacer.default\">\n\t\t\t\t<div class=\"elementor-widget-container\">\n\t\t\t\t\t<div class=\"elementor-spacer\">\n\t\t\t<div class=\"elementor-spacer-inner\"><\/div>\n\t\t<\/div>\n\t\t\t\t<\/div>\n\t\t\t\t<\/div>\n\t\t\t\t\t<\/div>\n\t\t<\/div>\n\t\t\t\t\t<\/div>\n\t\t<\/section>\n\t\t\t\t<section class=\"elementor-section elementor-top-section elementor-element elementor-element-7d49bd6d elementor-section-boxed elementor-section-height-default elementor-section-height-default\" data-id=\"7d49bd6d\" data-element_type=\"section\" data-settings=\"{&quot;background_background&quot;:&quot;classic&quot;}\">\n\t\t\t\t\t\t<div class=\"elementor-container elementor-column-gap-default\">\n\t\t\t\t\t<div class=\"elementor-column elementor-col-100 elementor-top-column elementor-element elementor-element-3cd6b75e\" data-id=\"3cd6b75e\" data-element_type=\"column\">\n\t\t\t<div class=\"elementor-widget-wrap elementor-element-populated\">\n\t\t\t\t\t\t<div class=\"elementor-element elementor-element-3a0b2e2a elementor-widget elementor-widget-image\" data-id=\"3a0b2e2a\" data-element_type=\"widget\" data-widget_type=\"image.default\">\n\t\t\t\t<div class=\"elementor-widget-container\">\n\t\t\t\t\t\t\t\t\t\t\t\t\t<img decoding=\"async\" width=\"200\" height=\"120\" src=\"https:\/\/grupocentaurus.com.br\/wp-content\/uploads\/2019\/08\/pro.png\" class=\"attachment-large size-large wp-image-101\" alt=\"\" \/>\t\t\t\t\t\t\t\t\t\t\t\t\t<\/div>\n\t\t\t\t<\/div>\n\t\t\t\t<div class=\"elementor-element elementor-element-651191db elementor-widget elementor-widget-heading\" data-id=\"651191db\" data-element_type=\"widget\" data-widget_type=\"heading.default\">\n\t\t\t\t<div class=\"elementor-widget-container\">\n\t\t\t<h1 class=\"elementor-heading-title elementor-size-default\">ALPHA PR\u00d3<\/h1>\t\t<\/div>\n\t\t\t\t<\/div>\n\t\t\t\t<div class=\"elementor-element elementor-element-3ef33f7a elementor-widget-divider--view-line elementor-widget elementor-widget-divider\" data-id=\"3ef33f7a\" data-element_type=\"widget\" data-widget_type=\"divider.default\">\n\t\t\t\t<div class=\"elementor-widget-container\">\n\t\t\t\t\t<div class=\"elementor-divider\">\n\t\t\t<span class=\"elementor-divider-separator\">\n\t\t\t\t\t\t<\/span>\n\t\t<\/div>\n\t\t\t\t<\/div>\n\t\t\t\t<\/div>\n\t\t\t\t\t<\/div>\n\t\t<\/div>\n\t\t\t\t\t<\/div>\n\t\t<\/section>\n\t\t\t\t<section class=\"elementor-section elementor-top-section elementor-element elementor-element-34a0be47 elementor-section-boxed elementor-section-height-default elementor-section-height-default\" data-id=\"34a0be47\" data-element_type=\"section\">\n\t\t\t\t\t\t<div class=\"elementor-container elementor-column-gap-default\">\n\t\t\t\t\t<div class=\"elementor-column elementor-col-100 elementor-top-column elementor-element elementor-element-36925809\" data-id=\"36925809\" data-element_type=\"column\">\n\t\t\t<div class=\"elementor-widget-wrap elementor-element-populated\">\n\t\t\t\t\t\t<div class=\"elementor-element elementor-element-5efe0325 elementor-widget elementor-widget-spacer\" data-id=\"5efe0325\" data-element_type=\"widget\" data-widget_type=\"spacer.default\">\n\t\t\t\t<div class=\"elementor-widget-container\">\n\t\t\t\t\t<div class=\"elementor-spacer\">\n\t\t\t<div class=\"elementor-spacer-inner\"><\/div>\n\t\t<\/div>\n\t\t\t\t<\/div>\n\t\t\t\t<\/div>\n\t\t\t\t<div class=\"elementor-element elementor-element-48f17c1 elementor-widget elementor-widget-text-editor\" data-id=\"48f17c1\" data-element_type=\"widget\" data-widget_type=\"text-editor.default\">\n\t\t\t\t<div class=\"elementor-widget-container\">\n\t\t\t\t\t\t\t<p>O Alpha Pro \u00e9 um programa fiscal, interligado com o ALPHA PDV (frente de caixa). Com ele, o usu\u00e1rio poder\u00e1 gerar o arquivo SINTEGRA, controlar estoque, promo\u00e7\u00f5es, cadastro de clientes e Fornecedores, contando ainda com a praticidade de uma lista telef\u00f4nica interligada aos cadastros dos clientes e fornecedores. O sistema Alpha Pro disponibiliza um f\u00e1cil acesso a relat\u00f3rios gerenciais e impress\u00e3o de documentos receb\u00edveis provenientes de vendas feitas atrav\u00e9s da frente de caixa, o ALPHA PDV.<\/p>\t\t\t\t\t\t<\/div>\n\t\t\t\t<\/div>\n\t\t\t\t<div class=\"elementor-element elementor-element-80a121a elementor-widget elementor-widget-image\" data-id=\"80a121a\" data-element_type=\"widget\" data-widget_type=\"image.default\">\n\t\t\t\t<div class=\"elementor-widget-container\">\n\t\t\t\t\t\t\t\t\t\t\t\t\t<img fetchpriority=\"high\" decoding=\"async\" width=\"635\" height=\"158\" src=\"https:\/\/grupocentaurus.com.br\/wp-content\/uploads\/2019\/08\/centaurus-pro.jpg\" class=\"attachment-large size-large wp-image-153\" alt=\"\" srcset=\"https:\/\/grupocentaurus.com.br\/wp-content\/uploads\/2019\/08\/centaurus-pro.jpg 635w, https:\/\/grupocentaurus.com.br\/wp-content\/uploads\/2019\/08\/centaurus-pro-300x75.jpg 300w\" sizes=\"(max-width: 635px) 100vw, 635px\" \/>\t\t\t\t\t\t\t\t\t\t\t\t\t<\/div>\n\t\t\t\t<\/div>\n\t\t\t\t<section class=\"elementor-section elementor-inner-section elementor-element elementor-element-31e6cca1 elementor-section-boxed elementor-section-height-default elementor-section-height-default\" data-id=\"31e6cca1\" data-element_type=\"section\">\n\t\t\t\t\t\t<div class=\"elementor-container elementor-column-gap-default\">\n\t\t\t\t\t<div class=\"elementor-column elementor-col-50 elementor-inner-column elementor-element elementor-element-3d6aef12\" data-id=\"3d6aef12\" data-element_type=\"column\">\n\t\t\t<div class=\"elementor-widget-wrap\">\n\t\t\t\t\t\t\t<\/div>\n\t\t<\/div>\n\t\t\t\t<div class=\"elementor-column elementor-col-50 elementor-inner-column elementor-element elementor-element-55d5f4dc\" data-id=\"55d5f4dc\" data-element_type=\"column\">\n\t\t\t<div class=\"elementor-widget-wrap\">\n\t\t\t\t\t\t\t<\/div>\n\t\t<\/div>\n\t\t\t\t\t<\/div>\n\t\t<\/section>\n\t\t\t\t<div class=\"elementor-element elementor-element-44361c7e elementor-widget elementor-widget-spacer\" data-id=\"44361c7e\" data-element_type=\"widget\" data-widget_type=\"spacer.default\">\n\t\t\t\t<div class=\"elementor-widget-container\">\n\t\t\t\t\t<div class=\"elementor-spacer\">\n\t\t\t<div class=\"elementor-spacer-inner\"><\/div>\n\t\t<\/div>\n\t\t\t\t<\/div>\n\t\t\t\t<\/div>\n\t\t\t\t\t<\/div>\n\t\t<\/div>\n\t\t\t\t\t<\/div>\n\t\t<\/section>\n\t\t\t\t<\/div>\n\t\t","protected":false},"excerpt":{"rendered":"<p>ALPHA PR\u00d3 O Alpha Pro \u00e9 um programa fiscal, interligado com o ALPHA PDV (frente de caixa). Com ele, o usu\u00e1rio poder\u00e1 gerar o arquivo SINTEGRA, controlar estoque, promo\u00e7\u00f5es, cadastro de clientes e Fornecedores, contando ainda com a praticidade de uma lista telef\u00f4nica interligada aos cadastros dos clientes e fornecedores. O sistema Alpha Pro disponibiliza [&hellip;]<\/p>\n","protected":false},"author":2,"featured_media":0,"parent":0,"menu_order":0,"comment_status":"closed","ping_status":"closed","template":"elementor_header_footer","meta":{"_acf_changed":false,"_monsterinsights_skip_tracking":false,"_monsterinsights_sitenote_active":false,"_monsterinsights_sitenote_note":"","_monsterinsights_sitenote_category":0,"footnotes":""},"class_list":["post-149","page","type-page","status-publish","hentry"],"acf":[],"yoast_head":"<!-- This site is optimized with the Yoast SEO plugin v23.6 - https:\/\/yoast.com\/wordpress\/plugins\/seo\/ -->\n<title>PRO - Grupo Centaurus<\/title>\n<meta name=\"robots\" content=\"index, follow, max-snippet:-1, max-image-preview:large, max-video-preview:-1\" \/>\n<link rel=\"canonical\" href=\"http:\/\/grupocentaurus.com.br\/?page_id=149\" \/>\n<meta property=\"og:locale\" content=\"pt_BR\" \/>\n<meta property=\"og:type\" content=\"article\" \/>\n<meta property=\"og:title\" content=\"PRO - Grupo Centaurus\" \/>\n<meta property=\"og:description\" content=\"ALPHA PR\u00d3 O Alpha Pro \u00e9 um programa fiscal, interligado com o ALPHA PDV (frente de caixa). Com ele, o usu\u00e1rio poder\u00e1 gerar o arquivo SINTEGRA, controlar estoque, promo\u00e7\u00f5es, cadastro de clientes e Fornecedores, contando ainda com a praticidade de uma lista telef\u00f4nica interligada aos cadastros dos clientes e fornecedores. O sistema Alpha Pro disponibiliza [&hellip;]\" \/>\n<meta property=\"og:url\" content=\"http:\/\/grupocentaurus.com.br\/?page_id=149\" \/>\n<meta property=\"og:site_name\" content=\"Grupo Centaurus\" \/>\n<meta property=\"article:modified_time\" content=\"2019-09-09T19:08:07+00:00\" \/>\n<meta property=\"og:image\" content=\"http:\/\/grupocentaurus.com.br\/wp-content\/uploads\/2019\/08\/pro.png\" \/>\n<meta name=\"twitter:card\" content=\"summary_large_image\" \/>\n<script type=\"application\/ld+json\" class=\"yoast-schema-graph\">{\"@context\":\"https:\/\/schema.org\",\"@graph\":[{\"@type\":\"WebPage\",\"@id\":\"http:\/\/grupocentaurus.com.br\/?page_id=149\",\"url\":\"http:\/\/grupocentaurus.com.br\/?page_id=149\",\"name\":\"PRO - Grupo Centaurus\",\"isPartOf\":{\"@id\":\"https:\/\/grupocentaurus.com.br\/#website\"},\"primaryImageOfPage\":{\"@id\":\"http:\/\/grupocentaurus.com.br\/?page_id=149#primaryimage\"},\"image\":{\"@id\":\"http:\/\/grupocentaurus.com.br\/?page_id=149#primaryimage\"},\"thumbnailUrl\":\"http:\/\/grupocentaurus.com.br\/wp-content\/uploads\/2019\/08\/pro.png\",\"datePublished\":\"2019-08-22T18:43:47+00:00\",\"dateModified\":\"2019-09-09T19:08:07+00:00\",\"breadcrumb\":{\"@id\":\"http:\/\/grupocentaurus.com.br\/?page_id=149#breadcrumb\"},\"inLanguage\":\"pt-BR\",\"potentialAction\":[{\"@type\":\"ReadAction\",\"target\":[\"http:\/\/grupocentaurus.com.br\/?page_id=149\"]}]},{\"@type\":\"ImageObject\",\"inLanguage\":\"pt-BR\",\"@id\":\"http:\/\/grupocentaurus.com.br\/?page_id=149#primaryimage\",\"url\":\"https:\/\/grupocentaurus.com.br\/wp-content\/uploads\/2019\/08\/pro.png\",\"contentUrl\":\"https:\/\/grupocentaurus.com.br\/wp-content\/uploads\/2019\/08\/pro.png\",\"width\":200,\"height\":120},{\"@type\":\"BreadcrumbList\",\"@id\":\"http:\/\/grupocentaurus.com.br\/?page_id=149#breadcrumb\",\"itemListElement\":[{\"@type\":\"ListItem\",\"position\":1,\"name\":\"In\u00edcio\",\"item\":\"https:\/\/grupocentaurus.com.br\/\"},{\"@type\":\"ListItem\",\"position\":2,\"name\":\"PRO\"}]},{\"@type\":\"WebSite\",\"@id\":\"https:\/\/grupocentaurus.com.br\/#website\",\"url\":\"https:\/\/grupocentaurus.com.br\/\",\"name\":\"Grupo Centaurus\",\"description\":\"\",\"publisher\":{\"@id\":\"https:\/\/grupocentaurus.com.br\/#organization\"},\"potentialAction\":[{\"@type\":\"SearchAction\",\"target\":{\"@type\":\"EntryPoint\",\"urlTemplate\":\"https:\/\/grupocentaurus.com.br\/?s={search_term_string}\"},\"query-input\":{\"@type\":\"PropertyValueSpecification\",\"valueRequired\":true,\"valueName\":\"search_term_string\"}}],\"inLanguage\":\"pt-BR\"},{\"@type\":\"Organization\",\"@id\":\"https:\/\/grupocentaurus.com.br\/#organization\",\"name\":\"Grupo Centaurus\",\"url\":\"https:\/\/grupocentaurus.com.br\/\",\"logo\":{\"@type\":\"ImageObject\",\"inLanguage\":\"pt-BR\",\"@id\":\"https:\/\/grupocentaurus.com.br\/#\/schema\/logo\/image\/\",\"url\":\"https:\/\/grupocentaurus.com.br\/wp-content\/uploads\/2019\/08\/favicon.png\",\"contentUrl\":\"https:\/\/grupocentaurus.com.br\/wp-content\/uploads\/2019\/08\/favicon.png\",\"width\":68,\"height\":68,\"caption\":\"Grupo Centaurus\"},\"image\":{\"@id\":\"https:\/\/grupocentaurus.com.br\/#\/schema\/logo\/image\/\"}}]}<\/script>\n<!-- \/ Yoast SEO plugin. -->","yoast_head_json":{"title":"PRO - Grupo Centaurus","robots":{"index":"index","follow":"follow","max-snippet":"max-snippet:-1","max-image-preview":"max-image-preview:large","max-video-preview":"max-video-preview:-1"},"canonical":"http:\/\/grupocentaurus.com.br\/?page_id=149","og_locale":"pt_BR","og_type":"article","og_title":"PRO - Grupo Centaurus","og_description":"ALPHA PR\u00d3 O Alpha Pro \u00e9 um programa fiscal, interligado com o ALPHA PDV (frente de caixa). Com ele, o usu\u00e1rio poder\u00e1 gerar o arquivo SINTEGRA, controlar estoque, promo\u00e7\u00f5es, cadastro de clientes e Fornecedores, contando ainda com a praticidade de uma lista telef\u00f4nica interligada aos cadastros dos clientes e fornecedores. O sistema Alpha Pro disponibiliza [&hellip;]","og_url":"http:\/\/grupocentaurus.com.br\/?page_id=149","og_site_name":"Grupo Centaurus","article_modified_time":"2019-09-09T19:08:07+00:00","og_image":[{"url":"http:\/\/grupocentaurus.com.br\/wp-content\/uploads\/2019\/08\/pro.png"}],"twitter_card":"summary_large_image","schema":{"@context":"https:\/\/schema.org","@graph":[{"@type":"WebPage","@id":"http:\/\/grupocentaurus.com.br\/?page_id=149","url":"http:\/\/grupocentaurus.com.br\/?page_id=149","name":"PRO - Grupo Centaurus","isPartOf":{"@id":"https:\/\/grupocentaurus.com.br\/#website"},"primaryImageOfPage":{"@id":"http:\/\/grupocentaurus.com.br\/?page_id=149#primaryimage"},"image":{"@id":"http:\/\/grupocentaurus.com.br\/?page_id=149#primaryimage"},"thumbnailUrl":"http:\/\/grupocentaurus.com.br\/wp-content\/uploads\/2019\/08\/pro.png","datePublished":"2019-08-22T18:43:47+00:00","dateModified":"2019-09-09T19:08:07+00:00","breadcrumb":{"@id":"http:\/\/grupocentaurus.com.br\/?page_id=149#breadcrumb"},"inLanguage":"pt-BR","potentialAction":[{"@type":"ReadAction","target":["http:\/\/grupocentaurus.com.br\/?page_id=149"]}]},{"@type":"ImageObject","inLanguage":"pt-BR","@id":"http:\/\/grupocentaurus.com.br\/?page_id=149#primaryimage","url":"https:\/\/grupocentaurus.com.br\/wp-content\/uploads\/2019\/08\/pro.png","contentUrl":"https:\/\/grupocentaurus.com.br\/wp-content\/uploads\/2019\/08\/pro.png","width":200,"height":120},{"@type":"BreadcrumbList","@id":"http:\/\/grupocentaurus.com.br\/?page_id=149#breadcrumb","itemListElement":[{"@type":"ListItem","position":1,"name":"In\u00edcio","item":"https:\/\/grupocentaurus.com.br\/"},{"@type":"ListItem","position":2,"name":"PRO"}]},{"@type":"WebSite","@id":"https:\/\/grupocentaurus.com.br\/#website","url":"https:\/\/grupocentaurus.com.br\/","name":"Grupo Centaurus","description":"","publisher":{"@id":"https:\/\/grupocentaurus.com.br\/#organization"},"potentialAction":[{"@type":"SearchAction","target":{"@type":"EntryPoint","urlTemplate":"https:\/\/grupocentaurus.com.br\/?s={search_term_string}"},"query-input":{"@type":"PropertyValueSpecification","valueRequired":true,"valueName":"search_term_string"}}],"inLanguage":"pt-BR"},{"@type":"Organization","@id":"https:\/\/grupocentaurus.com.br\/#organization","name":"Grupo Centaurus","url":"https:\/\/grupocentaurus.com.br\/","logo":{"@type":"ImageObject","inLanguage":"pt-BR","@id":"https:\/\/grupocentaurus.com.br\/#\/schema\/logo\/image\/","url":"https:\/\/grupocentaurus.com.br\/wp-content\/uploads\/2019\/08\/favicon.png","contentUrl":"https:\/\/grupocentaurus.com.br\/wp-content\/uploads\/2019\/08\/favicon.png","width":68,"height":68,"caption":"Grupo Centaurus"},"image":{"@id":"https:\/\/grupocentaurus.com.br\/#\/schema\/logo\/image\/"}}]}},"_links":{"self":[{"href":"https:\/\/grupocentaurus.com.br\/index.php?rest_route=\/wp\/v2\/pages\/149"}],"collection":[{"href":"https:\/\/grupocentaurus.com.br\/index.php?rest_route=\/wp\/v2\/pages"}],"about":[{"href":"https:\/\/grupocentaurus.com.br\/index.php?rest_route=\/wp\/v2\/types\/page"}],"author":[{"embeddable":true,"href":"https:\/\/grupocentaurus.com.br\/index.php?rest_route=\/wp\/v2\/users\/2"}],"replies":[{"embeddable":true,"href":"https:\/\/grupocentaurus.com.br\/index.php?rest_route=%2Fwp%2Fv2%2Fcomments&post=149"}],"version-history":[{"count":8,"href":"https:\/\/grupocentaurus.com.br\/index.php?rest_route=\/wp\/v2\/pages\/149\/revisions"}],"predecessor-version":[{"id":234,"href":"https:\/\/grupocentaurus.com.br\/index.php?rest_route=\/wp\/v2\/pages\/149\/revisions\/234"}],"wp:attachment":[{"href":"https:\/\/grupocentaurus.com.br\/index.php?rest_route=%2Fwp%2Fv2%2Fmedia&parent=149"}],"curies":[{"name":"wp","href":"https:\/\/api.w.org\/{rel}","templated":true}]}}