{"id":138,"date":"2019-08-22T15:30:34","date_gmt":"2019-08-22T18:30:34","guid":{"rendered":"http:\/\/grupocentaurus.com.br\/?page_id=138"},"modified":"2019-09-09T16:50:10","modified_gmt":"2019-09-09T19:50:10","slug":"pdv","status":"publish","type":"page","link":"https:\/\/grupocentaurus.com.br\/?page_id=138","title":{"rendered":"PDV"},"content":{"rendered":"\t\t<div data-elementor-type=\"wp-post\" data-elementor-id=\"138\" class=\"elementor elementor-138\">\n\t\t\t\t\t\t<section class=\"elementor-section elementor-top-section elementor-element elementor-element-54ce1948 elementor-section-boxed elementor-section-height-default elementor-section-height-default\" data-id=\"54ce1948\" data-element_type=\"section\" data-settings=\"{&quot;background_background&quot;:&quot;classic&quot;}\">\n\t\t\t\t\t\t<div class=\"elementor-container elementor-column-gap-default\">\n\t\t\t\t\t<div class=\"elementor-column elementor-col-100 elementor-top-column elementor-element elementor-element-7c83d6bc\" data-id=\"7c83d6bc\" data-element_type=\"column\">\n\t\t\t<div class=\"elementor-widget-wrap elementor-element-populated\">\n\t\t\t\t\t\t<div class=\"elementor-element elementor-element-72dd1aa1 elementor-widget elementor-widget-spacer\" data-id=\"72dd1aa1\" data-element_type=\"widget\" data-widget_type=\"spacer.default\">\n\t\t\t\t<div class=\"elementor-widget-container\">\n\t\t\t\t\t<div class=\"elementor-spacer\">\n\t\t\t<div class=\"elementor-spacer-inner\"><\/div>\n\t\t<\/div>\n\t\t\t\t<\/div>\n\t\t\t\t<\/div>\n\t\t\t\t\t<\/div>\n\t\t<\/div>\n\t\t\t\t\t<\/div>\n\t\t<\/section>\n\t\t\t\t<section class=\"elementor-section elementor-top-section elementor-element elementor-element-46c6cf76 elementor-section-boxed elementor-section-height-default elementor-section-height-default\" data-id=\"46c6cf76\" data-element_type=\"section\" data-settings=\"{&quot;background_background&quot;:&quot;classic&quot;}\">\n\t\t\t\t\t\t<div class=\"elementor-container elementor-column-gap-default\">\n\t\t\t\t\t<div class=\"elementor-column elementor-col-100 elementor-top-column elementor-element elementor-element-1b19a479\" data-id=\"1b19a479\" data-element_type=\"column\">\n\t\t\t<div class=\"elementor-widget-wrap elementor-element-populated\">\n\t\t\t\t\t\t<div class=\"elementor-element elementor-element-5c1bd50 elementor-widget elementor-widget-image\" data-id=\"5c1bd50\" data-element_type=\"widget\" data-widget_type=\"image.default\">\n\t\t\t\t<div class=\"elementor-widget-container\">\n\t\t\t\t\t\t\t\t\t\t\t\t\t<img decoding=\"async\" width=\"200\" height=\"120\" src=\"https:\/\/grupocentaurus.com.br\/wp-content\/uploads\/2019\/08\/pdv.png\" class=\"attachment-large size-large wp-image-100\" alt=\"\" \/>\t\t\t\t\t\t\t\t\t\t\t\t\t<\/div>\n\t\t\t\t<\/div>\n\t\t\t\t<div class=\"elementor-element elementor-element-f6c77e elementor-widget elementor-widget-heading\" data-id=\"f6c77e\" data-element_type=\"widget\" data-widget_type=\"heading.default\">\n\t\t\t\t<div class=\"elementor-widget-container\">\n\t\t\t<h1 class=\"elementor-heading-title elementor-size-default\">ALPHA PDV<\/h1>\t\t<\/div>\n\t\t\t\t<\/div>\n\t\t\t\t<div class=\"elementor-element elementor-element-53acc55b elementor-widget-divider--view-line elementor-widget elementor-widget-divider\" data-id=\"53acc55b\" data-element_type=\"widget\" data-widget_type=\"divider.default\">\n\t\t\t\t<div class=\"elementor-widget-container\">\n\t\t\t\t\t<div class=\"elementor-divider\">\n\t\t\t<span class=\"elementor-divider-separator\">\n\t\t\t\t\t\t<\/span>\n\t\t<\/div>\n\t\t\t\t<\/div>\n\t\t\t\t<\/div>\n\t\t\t\t\t<\/div>\n\t\t<\/div>\n\t\t\t\t\t<\/div>\n\t\t<\/section>\n\t\t\t\t<section class=\"elementor-section elementor-top-section elementor-element elementor-element-777f66 elementor-section-boxed elementor-section-height-default elementor-section-height-default\" data-id=\"777f66\" data-element_type=\"section\">\n\t\t\t\t\t\t<div class=\"elementor-container elementor-column-gap-default\">\n\t\t\t\t\t<div class=\"elementor-column elementor-col-100 elementor-top-column elementor-element elementor-element-48069028\" data-id=\"48069028\" data-element_type=\"column\">\n\t\t\t<div class=\"elementor-widget-wrap elementor-element-populated\">\n\t\t\t\t\t\t<div class=\"elementor-element elementor-element-61e01f61 elementor-widget elementor-widget-spacer\" data-id=\"61e01f61\" data-element_type=\"widget\" data-widget_type=\"spacer.default\">\n\t\t\t\t<div class=\"elementor-widget-container\">\n\t\t\t\t\t<div class=\"elementor-spacer\">\n\t\t\t<div class=\"elementor-spacer-inner\"><\/div>\n\t\t<\/div>\n\t\t\t\t<\/div>\n\t\t\t\t<\/div>\n\t\t\t\t<div class=\"elementor-element elementor-element-eb43cfb elementor-widget elementor-widget-text-editor\" data-id=\"eb43cfb\" data-element_type=\"widget\" data-widget_type=\"text-editor.default\">\n\t\t\t\t<div class=\"elementor-widget-container\">\n\t\t\t\t\t\t\t<p>Um m\u00f3dulo de frente de caixa moderno e arrojado, de f\u00e1cil manuseio, trabalhando de forma intuitiva, assim, facilitando a vida do caixa. Seu layout traz a logomarca da empresa do cliente em destaque. O Alpha PDV \u00e9 interligado com sua retaguarda, o ALPHA PRO, desta forma, todas as vendas passadas pelo PDV estar\u00e3o sincronizadas com o Alpha Pro, tendo um excelente controle de contas geradas e estoque, al\u00e9m de ter acesso a relat\u00f3rios gerenciais. O Alpha PDV traz um inovador controlador de Turnos, possibilitando v\u00e1rios caixas trabalharem no mesmo terminal e dando ao empres\u00e1rio o controle de cada turno.<\/p>\t\t\t\t\t\t<\/div>\n\t\t\t\t<\/div>\n\t\t\t\t<div class=\"elementor-element elementor-element-b32debe elementor-widget elementor-widget-image\" data-id=\"b32debe\" data-element_type=\"widget\" data-widget_type=\"image.default\">\n\t\t\t\t<div class=\"elementor-widget-container\">\n\t\t\t\t\t\t\t\t\t\t\t\t\t<img fetchpriority=\"high\" decoding=\"async\" width=\"635\" height=\"498\" src=\"https:\/\/grupocentaurus.com.br\/wp-content\/uploads\/2019\/08\/centaurus-pdv.jpg\" class=\"attachment-large size-large wp-image-146\" alt=\"\" srcset=\"https:\/\/grupocentaurus.com.br\/wp-content\/uploads\/2019\/08\/centaurus-pdv.jpg 635w, https:\/\/grupocentaurus.com.br\/wp-content\/uploads\/2019\/08\/centaurus-pdv-300x235.jpg 300w\" sizes=\"(max-width: 635px) 100vw, 635px\" \/>\t\t\t\t\t\t\t\t\t\t\t\t\t<\/div>\n\t\t\t\t<\/div>\n\t\t\t\t<section class=\"elementor-section elementor-inner-section elementor-element elementor-element-789f6294 elementor-section-boxed elementor-section-height-default elementor-section-height-default\" data-id=\"789f6294\" data-element_type=\"section\">\n\t\t\t\t\t\t<div class=\"elementor-container elementor-column-gap-default\">\n\t\t\t\t\t<div class=\"elementor-column elementor-col-50 elementor-inner-column elementor-element elementor-element-5a00c005\" data-id=\"5a00c005\" data-element_type=\"column\">\n\t\t\t<div class=\"elementor-widget-wrap\">\n\t\t\t\t\t\t\t<\/div>\n\t\t<\/div>\n\t\t\t\t<div class=\"elementor-column elementor-col-50 elementor-inner-column elementor-element elementor-element-3ff888cd\" data-id=\"3ff888cd\" data-element_type=\"column\">\n\t\t\t<div class=\"elementor-widget-wrap\">\n\t\t\t\t\t\t\t<\/div>\n\t\t<\/div>\n\t\t\t\t\t<\/div>\n\t\t<\/section>\n\t\t\t\t<div class=\"elementor-element elementor-element-6d2a87f elementor-widget elementor-widget-spacer\" data-id=\"6d2a87f\" data-element_type=\"widget\" data-widget_type=\"spacer.default\">\n\t\t\t\t<div class=\"elementor-widget-container\">\n\t\t\t\t\t<div class=\"elementor-spacer\">\n\t\t\t<div class=\"elementor-spacer-inner\"><\/div>\n\t\t<\/div>\n\t\t\t\t<\/div>\n\t\t\t\t<\/div>\n\t\t\t\t\t<\/div>\n\t\t<\/div>\n\t\t\t\t\t<\/div>\n\t\t<\/section>\n\t\t\t\t<\/div>\n\t\t","protected":false},"excerpt":{"rendered":"<p>ALPHA PDV Um m\u00f3dulo de frente de caixa moderno e arrojado, de f\u00e1cil manuseio, trabalhando de forma intuitiva, assim, facilitando a vida do caixa. Seu layout traz a logomarca da empresa do cliente em destaque. O Alpha PDV \u00e9 interligado com sua retaguarda, o ALPHA PRO, desta forma, todas as vendas passadas pelo PDV estar\u00e3o [&hellip;]<\/p>\n","protected":false},"author":2,"featured_media":0,"parent":0,"menu_order":0,"comment_status":"closed","ping_status":"closed","template":"elementor_header_footer","meta":{"_acf_changed":false,"_monsterinsights_skip_tracking":false,"_monsterinsights_sitenote_active":false,"_monsterinsights_sitenote_note":"","_monsterinsights_sitenote_category":0,"footnotes":""},"class_list":["post-138","page","type-page","status-publish","hentry"],"acf":[],"yoast_head":"<!-- This site is optimized with the Yoast SEO plugin v23.6 - https:\/\/yoast.com\/wordpress\/plugins\/seo\/ -->\n<title>PDV - Grupo Centaurus<\/title>\n<meta name=\"robots\" content=\"index, follow, max-snippet:-1, max-image-preview:large, max-video-preview:-1\" \/>\n<link rel=\"canonical\" href=\"http:\/\/grupocentaurus.com.br\/?page_id=138\" \/>\n<meta property=\"og:locale\" content=\"pt_BR\" \/>\n<meta property=\"og:type\" content=\"article\" \/>\n<meta property=\"og:title\" content=\"PDV - Grupo Centaurus\" \/>\n<meta property=\"og:description\" content=\"ALPHA PDV Um m\u00f3dulo de frente de caixa moderno e arrojado, de f\u00e1cil manuseio, trabalhando de forma intuitiva, assim, facilitando a vida do caixa. Seu layout traz a logomarca da empresa do cliente em destaque. O Alpha PDV \u00e9 interligado com sua retaguarda, o ALPHA PRO, desta forma, todas as vendas passadas pelo PDV estar\u00e3o [&hellip;]\" \/>\n<meta property=\"og:url\" content=\"http:\/\/grupocentaurus.com.br\/?page_id=138\" \/>\n<meta property=\"og:site_name\" content=\"Grupo Centaurus\" \/>\n<meta property=\"article:modified_time\" content=\"2019-09-09T19:50:10+00:00\" \/>\n<meta property=\"og:image\" content=\"http:\/\/grupocentaurus.com.br\/wp-content\/uploads\/2019\/08\/pdv.png\" \/>\n<meta name=\"twitter:card\" content=\"summary_large_image\" \/>\n<meta name=\"twitter:label1\" content=\"Est. tempo de leitura\" \/>\n\t<meta name=\"twitter:data1\" content=\"1 minuto\" \/>\n<script type=\"application\/ld+json\" class=\"yoast-schema-graph\">{\"@context\":\"https:\/\/schema.org\",\"@graph\":[{\"@type\":\"WebPage\",\"@id\":\"http:\/\/grupocentaurus.com.br\/?page_id=138\",\"url\":\"http:\/\/grupocentaurus.com.br\/?page_id=138\",\"name\":\"PDV - Grupo Centaurus\",\"isPartOf\":{\"@id\":\"https:\/\/grupocentaurus.com.br\/#website\"},\"primaryImageOfPage\":{\"@id\":\"http:\/\/grupocentaurus.com.br\/?page_id=138#primaryimage\"},\"image\":{\"@id\":\"http:\/\/grupocentaurus.com.br\/?page_id=138#primaryimage\"},\"thumbnailUrl\":\"http:\/\/grupocentaurus.com.br\/wp-content\/uploads\/2019\/08\/pdv.png\",\"datePublished\":\"2019-08-22T18:30:34+00:00\",\"dateModified\":\"2019-09-09T19:50:10+00:00\",\"breadcrumb\":{\"@id\":\"http:\/\/grupocentaurus.com.br\/?page_id=138#breadcrumb\"},\"inLanguage\":\"pt-BR\",\"potentialAction\":[{\"@type\":\"ReadAction\",\"target\":[\"http:\/\/grupocentaurus.com.br\/?page_id=138\"]}]},{\"@type\":\"ImageObject\",\"inLanguage\":\"pt-BR\",\"@id\":\"http:\/\/grupocentaurus.com.br\/?page_id=138#primaryimage\",\"url\":\"https:\/\/grupocentaurus.com.br\/wp-content\/uploads\/2019\/08\/pdv.png\",\"contentUrl\":\"https:\/\/grupocentaurus.com.br\/wp-content\/uploads\/2019\/08\/pdv.png\",\"width\":200,\"height\":120},{\"@type\":\"BreadcrumbList\",\"@id\":\"http:\/\/grupocentaurus.com.br\/?page_id=138#breadcrumb\",\"itemListElement\":[{\"@type\":\"ListItem\",\"position\":1,\"name\":\"In\u00edcio\",\"item\":\"https:\/\/grupocentaurus.com.br\/\"},{\"@type\":\"ListItem\",\"position\":2,\"name\":\"PDV\"}]},{\"@type\":\"WebSite\",\"@id\":\"https:\/\/grupocentaurus.com.br\/#website\",\"url\":\"https:\/\/grupocentaurus.com.br\/\",\"name\":\"Grupo Centaurus\",\"description\":\"\",\"publisher\":{\"@id\":\"https:\/\/grupocentaurus.com.br\/#organization\"},\"potentialAction\":[{\"@type\":\"SearchAction\",\"target\":{\"@type\":\"EntryPoint\",\"urlTemplate\":\"https:\/\/grupocentaurus.com.br\/?s={search_term_string}\"},\"query-input\":{\"@type\":\"PropertyValueSpecification\",\"valueRequired\":true,\"valueName\":\"search_term_string\"}}],\"inLanguage\":\"pt-BR\"},{\"@type\":\"Organization\",\"@id\":\"https:\/\/grupocentaurus.com.br\/#organization\",\"name\":\"Grupo Centaurus\",\"url\":\"https:\/\/grupocentaurus.com.br\/\",\"logo\":{\"@type\":\"ImageObject\",\"inLanguage\":\"pt-BR\",\"@id\":\"https:\/\/grupocentaurus.com.br\/#\/schema\/logo\/image\/\",\"url\":\"https:\/\/grupocentaurus.com.br\/wp-content\/uploads\/2019\/08\/favicon.png\",\"contentUrl\":\"https:\/\/grupocentaurus.com.br\/wp-content\/uploads\/2019\/08\/favicon.png\",\"width\":68,\"height\":68,\"caption\":\"Grupo Centaurus\"},\"image\":{\"@id\":\"https:\/\/grupocentaurus.com.br\/#\/schema\/logo\/image\/\"}}]}<\/script>\n<!-- \/ Yoast SEO plugin. -->","yoast_head_json":{"title":"PDV - Grupo Centaurus","robots":{"index":"index","follow":"follow","max-snippet":"max-snippet:-1","max-image-preview":"max-image-preview:large","max-video-preview":"max-video-preview:-1"},"canonical":"http:\/\/grupocentaurus.com.br\/?page_id=138","og_locale":"pt_BR","og_type":"article","og_title":"PDV - Grupo Centaurus","og_description":"ALPHA PDV Um m\u00f3dulo de frente de caixa moderno e arrojado, de f\u00e1cil manuseio, trabalhando de forma intuitiva, assim, facilitando a vida do caixa. Seu layout traz a logomarca da empresa do cliente em destaque. O Alpha PDV \u00e9 interligado com sua retaguarda, o ALPHA PRO, desta forma, todas as vendas passadas pelo PDV estar\u00e3o [&hellip;]","og_url":"http:\/\/grupocentaurus.com.br\/?page_id=138","og_site_name":"Grupo Centaurus","article_modified_time":"2019-09-09T19:50:10+00:00","og_image":[{"url":"http:\/\/grupocentaurus.com.br\/wp-content\/uploads\/2019\/08\/pdv.png"}],"twitter_card":"summary_large_image","twitter_misc":{"Est. tempo de leitura":"1 minuto"},"schema":{"@context":"https:\/\/schema.org","@graph":[{"@type":"WebPage","@id":"http:\/\/grupocentaurus.com.br\/?page_id=138","url":"http:\/\/grupocentaurus.com.br\/?page_id=138","name":"PDV - Grupo Centaurus","isPartOf":{"@id":"https:\/\/grupocentaurus.com.br\/#website"},"primaryImageOfPage":{"@id":"http:\/\/grupocentaurus.com.br\/?page_id=138#primaryimage"},"image":{"@id":"http:\/\/grupocentaurus.com.br\/?page_id=138#primaryimage"},"thumbnailUrl":"http:\/\/grupocentaurus.com.br\/wp-content\/uploads\/2019\/08\/pdv.png","datePublished":"2019-08-22T18:30:34+00:00","dateModified":"2019-09-09T19:50:10+00:00","breadcrumb":{"@id":"http:\/\/grupocentaurus.com.br\/?page_id=138#breadcrumb"},"inLanguage":"pt-BR","potentialAction":[{"@type":"ReadAction","target":["http:\/\/grupocentaurus.com.br\/?page_id=138"]}]},{"@type":"ImageObject","inLanguage":"pt-BR","@id":"http:\/\/grupocentaurus.com.br\/?page_id=138#primaryimage","url":"https:\/\/grupocentaurus.com.br\/wp-content\/uploads\/2019\/08\/pdv.png","contentUrl":"https:\/\/grupocentaurus.com.br\/wp-content\/uploads\/2019\/08\/pdv.png","width":200,"height":120},{"@type":"BreadcrumbList","@id":"http:\/\/grupocentaurus.com.br\/?page_id=138#breadcrumb","itemListElement":[{"@type":"ListItem","position":1,"name":"In\u00edcio","item":"https:\/\/grupocentaurus.com.br\/"},{"@type":"ListItem","position":2,"name":"PDV"}]},{"@type":"WebSite","@id":"https:\/\/grupocentaurus.com.br\/#website","url":"https:\/\/grupocentaurus.com.br\/","name":"Grupo Centaurus","description":"","publisher":{"@id":"https:\/\/grupocentaurus.com.br\/#organization"},"potentialAction":[{"@type":"SearchAction","target":{"@type":"EntryPoint","urlTemplate":"https:\/\/grupocentaurus.com.br\/?s={search_term_string}"},"query-input":{"@type":"PropertyValueSpecification","valueRequired":true,"valueName":"search_term_string"}}],"inLanguage":"pt-BR"},{"@type":"Organization","@id":"https:\/\/grupocentaurus.com.br\/#organization","name":"Grupo Centaurus","url":"https:\/\/grupocentaurus.com.br\/","logo":{"@type":"ImageObject","inLanguage":"pt-BR","@id":"https:\/\/grupocentaurus.com.br\/#\/schema\/logo\/image\/","url":"https:\/\/grupocentaurus.com.br\/wp-content\/uploads\/2019\/08\/favicon.png","contentUrl":"https:\/\/grupocentaurus.com.br\/wp-content\/uploads\/2019\/08\/favicon.png","width":68,"height":68,"caption":"Grupo Centaurus"},"image":{"@id":"https:\/\/grupocentaurus.com.br\/#\/schema\/logo\/image\/"}}]}},"_links":{"self":[{"href":"https:\/\/grupocentaurus.com.br\/index.php?rest_route=\/wp\/v2\/pages\/138"}],"collection":[{"href":"https:\/\/grupocentaurus.com.br\/index.php?rest_route=\/wp\/v2\/pages"}],"about":[{"href":"https:\/\/grupocentaurus.com.br\/index.php?rest_route=\/wp\/v2\/types\/page"}],"author":[{"embeddable":true,"href":"https:\/\/grupocentaurus.com.br\/index.php?rest_route=\/wp\/v2\/users\/2"}],"replies":[{"embeddable":true,"href":"https:\/\/grupocentaurus.com.br\/index.php?rest_route=%2Fwp%2Fv2%2Fcomments&post=138"}],"version-history":[{"count":9,"href":"https:\/\/grupocentaurus.com.br\/index.php?rest_route=\/wp\/v2\/pages\/138\/revisions"}],"predecessor-version":[{"id":238,"href":"https:\/\/grupocentaurus.com.br\/index.php?rest_route=\/wp\/v2\/pages\/138\/revisions\/238"}],"wp:attachment":[{"href":"https:\/\/grupocentaurus.com.br\/index.php?rest_route=%2Fwp%2Fv2%2Fmedia&parent=138"}],"curies":[{"name":"wp","href":"https:\/\/api.w.org\/{rel}","templated":true}]}}